{"id":16417,"date":"2026-04-08T15:58:19","date_gmt":"2026-04-08T15:58:19","guid":{"rendered":"https:\/\/alumnipucv.cl\/?page_id=16417"},"modified":"2026-04-13T20:04:31","modified_gmt":"2026-04-13T20:04:31","slug":"nuestro-equipo","status":"publish","type":"page","link":"https:\/\/alumnipucv.cl\/?page_id=16417","title":{"rendered":"Nuestro Equipo"},"content":{"rendered":"\n<hr class=\"wp-block-separator has-text-color has-black-color has-alpha-channel-opacity has-black-background-color has-background is-style-wide\"\/>\n\n\n\n<div class=\"wp-block-columns is-layout-flex wp-container-core-columns-is-layout-28f84493 wp-block-columns-is-layout-flex\">\n<div class=\"wp-block-column is-layout-flow wp-block-column-is-layout-flow\"><\/div>\n\n\n\n<div class=\"wp-block-column is-layout-flow wp-block-column-is-layout-flow\"><\/div>\n\n\n\n<div class=\"wp-block-column is-layout-flow wp-block-column-is-layout-flow\"><\/div>\n<\/div>\n\n\n\n<div class=\"wp-block-columns is-layout-flex wp-container-core-columns-is-layout-28f84493 wp-block-columns-is-layout-flex\">\n<div class=\"wp-block-column is-layout-flow wp-block-column-is-layout-flow\"><\/div>\n\n\n\n<div class=\"wp-block-column is-layout-flow wp-block-column-is-layout-flow\">\n<figure class=\"wp-block-image aligncenter size-full is-resized\"><img decoding=\"async\" width=\"200\" height=\"200\" src=\"https:\/\/alumnipucv.cl\/wp-content\/uploads\/2026\/04\/Group-34-200x200-1.png\" alt=\"\" class=\"wp-image-16419\" style=\"width:195px;height:auto\" srcset=\"https:\/\/alumnipucv.cl\/wp-content\/uploads\/2026\/04\/Group-34-200x200-1.png 200w, https:\/\/alumnipucv.cl\/wp-content\/uploads\/2026\/04\/Group-34-200x200-1-150x150.png 150w\" sizes=\"(max-width: 200px) 100vw, 200px\" \/><\/figure>\n\n\n\n<h3 class=\"wp-block-heading has-text-align-center\">Ang\u00e9lica Casaletti<\/h3>\n\n\n\n<div class=\"wp-block-group is-layout-constrained wp-block-group-is-layout-constrained\">\n<p class=\"has-text-align-center\" style=\"border-top-left-radius:5px;border-top-right-radius:5px;border-bottom-left-radius:5px;border-bottom-right-radius:5px;margin-top:0;margin-right:0;margin-bottom:0;margin-left:0;padding-top:0;padding-right:0;padding-bottom:0;padding-left:0;font-size:13px;line-height:0\">Directora de Empleabilidad y Red Alumni<\/p>\n<\/div>\n<\/div>\n\n\n\n<div class=\"wp-block-column is-layout-flow wp-block-column-is-layout-flow\"><\/div>\n<\/div>\n\n\n\n<div class=\"wp-block-columns is-layout-flex wp-container-core-columns-is-layout-28f84493 wp-block-columns-is-layout-flex\">\n<div class=\"wp-block-column is-layout-flow wp-block-column-is-layout-flow\">\n<figure class=\"wp-block-image aligncenter size-full is-resized\"><img fetchpriority=\"high\" decoding=\"async\" width=\"240\" height=\"240\" src=\"https:\/\/alumnipucv.cl\/wp-content\/uploads\/2026\/04\/foto-redonda-150-1080-x-1480-px-2-240x240-1.png\" alt=\"\" class=\"wp-image-16430\" style=\"width:219px;height:auto\" srcset=\"https:\/\/alumnipucv.cl\/wp-content\/uploads\/2026\/04\/foto-redonda-150-1080-x-1480-px-2-240x240-1.png 240w, https:\/\/alumnipucv.cl\/wp-content\/uploads\/2026\/04\/foto-redonda-150-1080-x-1480-px-2-240x240-1-150x150.png 150w\" sizes=\"(max-width: 240px) 100vw, 240px\" \/><\/figure>\n\n\n\n<h3 class=\"wp-block-heading has-text-align-center\">Oscar Mar\u00edn<\/h3>\n\n\n\n<p class=\"has-text-align-center has-small-font-size\">Jefe de Empleabilidad y Red Alumni<\/p>\n<\/div>\n\n\n\n<div class=\"wp-block-column is-layout-flow wp-block-column-is-layout-flow\">\n<figure class=\"wp-block-image aligncenter size-full is-resized\"><img decoding=\"async\" width=\"240\" height=\"240\" src=\"https:\/\/alumnipucv.cl\/wp-content\/uploads\/2026\/04\/foto-redonda-150-1080-x-1480-px-240x240-1.png\" alt=\"\" class=\"wp-image-16431\" style=\"width:213px;height:auto\" srcset=\"https:\/\/alumnipucv.cl\/wp-content\/uploads\/2026\/04\/foto-redonda-150-1080-x-1480-px-240x240-1.png 240w, https:\/\/alumnipucv.cl\/wp-content\/uploads\/2026\/04\/foto-redonda-150-1080-x-1480-px-240x240-1-150x150.png 150w\" sizes=\"(max-width: 240px) 100vw, 240px\" \/><\/figure>\n\n\n\n<h3 class=\"wp-block-heading has-text-align-center\">Mar\u00eda Cristina Sol\u00eds<\/h3>\n\n\n\n<p class=\"has-text-align-center has-small-font-size\">Programa Profesores Principiantes<\/p>\n<\/div>\n\n\n\n<div class=\"wp-block-column is-layout-flow wp-block-column-is-layout-flow\">\n<figure class=\"wp-block-image aligncenter size-full is-resized\"><img loading=\"lazy\" decoding=\"async\" width=\"240\" height=\"240\" src=\"https:\/\/alumnipucv.cl\/wp-content\/uploads\/2026\/04\/foto-redonda-150-1080-x-1480-px-1-240x240-1.png\" alt=\"\" class=\"wp-image-16432\" style=\"width:207px;height:auto\" srcset=\"https:\/\/alumnipucv.cl\/wp-content\/uploads\/2026\/04\/foto-redonda-150-1080-x-1480-px-1-240x240-1.png 240w, https:\/\/alumnipucv.cl\/wp-content\/uploads\/2026\/04\/foto-redonda-150-1080-x-1480-px-1-240x240-1-150x150.png 150w\" sizes=\"(max-width: 240px) 100vw, 240px\" \/><\/figure>\n\n\n\n<h3 class=\"wp-block-heading has-text-align-center\">Gabriela Mill\u00e1n<\/h3>\n\n\n\n<p class=\"has-text-align-center has-small-font-size\">Encargada Red Alumni<\/p>\n<\/div>\n<\/div>\n\n\n\n<div class=\"wp-block-columns is-layout-flex wp-container-core-columns-is-layout-28f84493 wp-block-columns-is-layout-flex\">\n<div class=\"wp-block-column is-layout-flow wp-block-column-is-layout-flow\">\n<figure class=\"wp-block-image aligncenter size-full is-resized\"><img loading=\"lazy\" decoding=\"async\" width=\"240\" height=\"240\" src=\"https:\/\/alumnipucv.cl\/wp-content\/uploads\/2026\/04\/foto-redonda-150-1080-x-1480-px-240x240-2.png\" alt=\"\" class=\"wp-image-16433\" style=\"width:219px;height:auto\" srcset=\"https:\/\/alumnipucv.cl\/wp-content\/uploads\/2026\/04\/foto-redonda-150-1080-x-1480-px-240x240-2.png 240w, https:\/\/alumnipucv.cl\/wp-content\/uploads\/2026\/04\/foto-redonda-150-1080-x-1480-px-240x240-2-150x150.png 150w\" sizes=\"(max-width: 240px) 100vw, 240px\" \/><\/figure>\n\n\n\n<h3 class=\"wp-block-heading has-text-align-center\">Natalia Torres<\/h3>\n\n\n\n<p class=\"has-text-align-center has-small-font-size\">Periodista<\/p>\n<\/div>\n\n\n\n<div class=\"wp-block-column is-layout-flow wp-block-column-is-layout-flow\">\n<figure class=\"wp-block-image aligncenter size-full is-resized\"><img loading=\"lazy\" decoding=\"async\" width=\"240\" height=\"240\" src=\"https:\/\/alumnipucv.cl\/wp-content\/uploads\/2026\/04\/foto-redonda-150-1080-x-1480-px-3-240x240-1.png\" alt=\"\" class=\"wp-image-16434\" style=\"width:213px;height:auto\" srcset=\"https:\/\/alumnipucv.cl\/wp-content\/uploads\/2026\/04\/foto-redonda-150-1080-x-1480-px-3-240x240-1.png 240w, https:\/\/alumnipucv.cl\/wp-content\/uploads\/2026\/04\/foto-redonda-150-1080-x-1480-px-3-240x240-1-150x150.png 150w\" sizes=\"(max-width: 240px) 100vw, 240px\" \/><\/figure>\n\n\n\n<h3 class=\"wp-block-heading has-text-align-center\">Andr\u00e9s Alvayay<\/h3>\n\n\n\n<p class=\"has-text-align-center has-small-font-size\">Programa Inserci\u00f3n Laboral<\/p>\n<\/div>\n\n\n\n<div class=\"wp-block-column is-layout-flow wp-block-column-is-layout-flow\">\n<figure class=\"wp-block-image aligncenter size-full is-resized\"><img loading=\"lazy\" decoding=\"async\" width=\"240\" height=\"240\" src=\"https:\/\/alumnipucv.cl\/wp-content\/uploads\/2026\/04\/foto-redonda-150-1080-x-1480-px-4-240x240-1.png\" alt=\"\" class=\"wp-image-16435\" style=\"width:207px;height:auto\" srcset=\"https:\/\/alumnipucv.cl\/wp-content\/uploads\/2026\/04\/foto-redonda-150-1080-x-1480-px-4-240x240-1.png 240w, https:\/\/alumnipucv.cl\/wp-content\/uploads\/2026\/04\/foto-redonda-150-1080-x-1480-px-4-240x240-1-150x150.png 150w\" sizes=\"(max-width: 240px) 100vw, 240px\" \/><\/figure>\n\n\n\n<h3 class=\"wp-block-heading has-text-align-center\">C\u00e9sar Mendoza<\/h3>\n\n\n\n<p class=\"has-text-align-center has-small-font-size\">Encargado Red Alumni<\/p>\n<\/div>\n<\/div>\n\n\n\n<div class=\"wp-block-columns is-layout-flex wp-container-core-columns-is-layout-28f84493 wp-block-columns-is-layout-flex\">\n<div class=\"wp-block-column is-layout-flow wp-block-column-is-layout-flow\"><\/div>\n\n\n\n<div class=\"wp-block-column is-layout-flow wp-block-column-is-layout-flow\"><\/div>\n<\/div>\n","protected":false},"excerpt":{"rendered":"<p>Ang\u00e9lica Casaletti Directora de Empleabilidad y Red Alumni Oscar Mar\u00edn Jefe de Empleabilidad y Red Alumni Mar\u00eda Cristina Sol\u00eds Programa Profesores Principiantes Gabriela Mill\u00e1n Encargada Red Alumni Natalia Torres Periodista Andr\u00e9s Alvayay Programa Inserci\u00f3n Laboral C\u00e9sar Mendoza Encargado Red Alumni<\/p>\n","protected":false},"author":4,"featured_media":16419,"parent":0,"menu_order":0,"comment_status":"closed","ping_status":"closed","template":"","meta":{"footnotes":""},"class_list":["post-16417","page","type-page","status-publish","has-post-thumbnail","hentry"],"_links":{"self":[{"href":"https:\/\/alumnipucv.cl\/index.php?rest_route=\/wp\/v2\/pages\/16417","targetHints":{"allow":["GET"]}}],"collection":[{"href":"https:\/\/alumnipucv.cl\/index.php?rest_route=\/wp\/v2\/pages"}],"about":[{"href":"https:\/\/alumnipucv.cl\/index.php?rest_route=\/wp\/v2\/types\/page"}],"author":[{"embeddable":true,"href":"https:\/\/alumnipucv.cl\/index.php?rest_route=\/wp\/v2\/users\/4"}],"replies":[{"embeddable":true,"href":"https:\/\/alumnipucv.cl\/index.php?rest_route=%2Fwp%2Fv2%2Fcomments&post=16417"}],"version-history":[{"count":19,"href":"https:\/\/alumnipucv.cl\/index.php?rest_route=\/wp\/v2\/pages\/16417\/revisions"}],"predecessor-version":[{"id":16449,"href":"https:\/\/alumnipucv.cl\/index.php?rest_route=\/wp\/v2\/pages\/16417\/revisions\/16449"}],"wp:featuredmedia":[{"embeddable":true,"href":"https:\/\/alumnipucv.cl\/index.php?rest_route=\/wp\/v2\/media\/16419"}],"wp:attachment":[{"href":"https:\/\/alumnipucv.cl\/index.php?rest_route=%2Fwp%2Fv2%2Fmedia&parent=16417"}],"curies":[{"name":"wp","href":"https:\/\/api.w.org\/{rel}","templated":true}]}}